{"id":121,"date":"2023-03-29T07:24:16","date_gmt":"2023-03-29T07:24:16","guid":{"rendered":"https:\/\/wp1.themevibrant.com\/newwp\/buildnox\/?page_id=121"},"modified":"2025-02-25T09:21:46","modified_gmt":"2025-02-25T09:21:46","slug":"services-style-01","status":"publish","type":"page","link":"https:\/\/glassdesign-dz.com\/en\/services-style-01\/","title":{"rendered":"Nos services"},"content":{"rendered":"<div data-elementor-type=\"wp-page\" data-elementor-id=\"121\" class=\"elementor elementor-121\">\n\t\t\t\t\t\t<section class=\"elementor-section elementor-top-section elementor-element elementor-element-8e5f9f6 elementor-section-full_width elementor-section-height-default elementor-section-height-default\" data-id=\"8e5f9f6\" data-element_type=\"section\" data-settings=\"{&quot;background_background&quot;:&quot;classic&quot;}\">\n\t\t\t\t\t\t<div class=\"elementor-container elementor-column-gap-default\">\n\t\t\t\t\t<div class=\"elementor-column elementor-col-100 elementor-top-column elementor-element elementor-element-d82bf9d\" data-id=\"d82bf9d\" data-element_type=\"column\">\n\t\t\t<div class=\"elementor-widget-wrap elementor-element-populated\">\n\t\t\t\t\t\t<section class=\"elementor-section elementor-inner-section elementor-element elementor-element-00f282a elementor-section-boxed elementor-section-height-default elementor-section-height-default\" data-id=\"00f282a\" data-element_type=\"section\">\n\t\t\t\t\t\t<div class=\"elementor-container elementor-column-gap-default\">\n\t\t\t\t\t<div class=\"elementor-column elementor-col-100 elementor-inner-column elementor-element elementor-element-a08742f\" data-id=\"a08742f\" data-element_type=\"column\">\n\t\t\t<div class=\"elementor-widget-wrap elementor-element-populated\">\n\t\t\t\t\t\t<div class=\"elementor-element elementor-element-3c3eb13 elementor-widget elementor-widget-buildnox_hero_title\" data-id=\"3c3eb13\" data-element_type=\"widget\" data-widget_type=\"buildnox_hero_title.default\">\n\t\t\t\t<div class=\"elementor-widget-container\">\n\t\t\t\t\t    \n    <div class=\"build-title-wrap\">\n                <h6 class=\"te-bn-subtitle theme-color ff_sec fw_bold tt_u fs_14 ls_1 mb_15\"><span class=\"te-bn-subtitle_line w_30 h_2 theme-bg mr_10 d_iblock v_middle\"><\/span>CE QUE NOUS FAISONS<\/h6>\n\t\t\t\t\n\t\t<h2 class=\"fw_black fs_45 mb_20 te-bn-title buildnox-size-default\">Nos services <\/h2>        \n\t\t            \n\t\t<p class=\"mb_50 fs_18 te-bn-text\"><p>Chez <strong>Glass Design<\/strong>, nous offrons des solutions innovantes pour vos fa\u00e7ades, murs-rideaux et menuiseries en aluminium et PVC. Nos experts sont \u00e0 votre disposition pour r\u00e9pondre \u00e0 toutes vos questions, vous conseiller sur vos projets et planifier une intervention \u00e0 votre convenance. Transformez vos espaces avec nos services sur mesure, alliant design, performance et durabilit\u00e9<\/p>            <\/div>   \n    \n    \t\t\t\t<\/div>\n\t\t\t\t<\/div>\n\t\t\t\t\t<\/div>\n\t\t<\/div>\n\t\t\t\t\t<\/div>\n\t\t<\/section>\n\t\t\t\t<section class=\"elementor-section elementor-inner-section elementor-element elementor-element-7071b9d elementor-section-height-min-height elementor-section-content-middle elementor-section-boxed elementor-section-height-default\" data-id=\"7071b9d\" data-element_type=\"section\" data-settings=\"{&quot;background_background&quot;:&quot;classic&quot;}\">\n\t\t\t\t\t\t<div class=\"elementor-container elementor-column-gap-default\">\n\t\t\t\t\t<div class=\"elementor-column elementor-col-100 elementor-inner-column elementor-element elementor-element-77eb0a7\" data-id=\"77eb0a7\" data-element_type=\"column\">\n\t\t\t<div class=\"elementor-widget-wrap elementor-element-populated\">\n\t\t\t\t\t\t<div class=\"elementor-element elementor-element-2753ae4 elementor-widget elementor-widget-buildnox_service_grid\" data-id=\"2753ae4\" data-element_type=\"widget\" data-widget_type=\"buildnox_service_grid.default\">\n\t\t\t\t<div class=\"elementor-widget-container\">\n\t\t\t\t\t    \n        \n    <section class=\"bn-service-grid p-0 m-0\">\n        <div class=\"row\">\n                        <div class=\"col-lg-4 col-md-6 col-sm-12 wow fadeInUp\" data-wow-delay=\".2s\" data-wow-duration=\"1.5s\">\n                <div class=\"service-1-block alt\">\n                    <div class=\"service-1-shape\"><\/div>\n                    <div class=\"service-1-icon\"><i class=\"\"><\/i><\/div>\n                    <h4 class=\"service-1-title fs_25\">VITRAGE DE SECURITE<\/h4>\n                    <div class=\"service-1-image\">\n                        <img decoding=\"async\" width=\"248\" height=\"138\" src=\"https:\/\/glassdesign-dz.com\/wp-content\/uploads\/2023\/03\/Design-sans-titre-23-e1739716897544-248x138.png\" class=\"attachment-buildnox_240x138 size-buildnox_240x138 wp-post-image\" alt=\"\" \/>                        <div class=\"service-1-read-more\"><a href=\"https:\/\/glassdesign-dz.com\/en\/service\/flooring-roofing\/\" class=\"c_light ff_sec fw_bold tt_u fs_14 ls_1\">\n                                                            D\u00e9couvrir plus                             \n                        \t<i class=\"ml_7 fs_17 v_middle flaticon-fast-forward\"><\/i><\/a>\n                        <\/div>\n                    <\/div>\n                <\/div>\n            <\/div>\n                        <div class=\"col-lg-4 col-md-6 col-sm-12 wow fadeInUp\" data-wow-delay=\".2s\" data-wow-duration=\"1.5s\">\n                <div class=\"service-1-block alt\">\n                    <div class=\"service-1-shape\"><\/div>\n                    <div class=\"service-1-icon\"><i class=\"\"><\/i><\/div>\n                    <h4 class=\"service-1-title fs_25\">PORTES COUPE FEU<\/h4>\n                    <div class=\"service-1-image\">\n                        <img decoding=\"async\" width=\"248\" height=\"138\" src=\"https:\/\/glassdesign-dz.com\/wp-content\/uploads\/2023\/04\/Design-sans-titre-24-248x138.png\" class=\"attachment-buildnox_240x138 size-buildnox_240x138 wp-post-image\" alt=\"\" \/>                        <div class=\"service-1-read-more\"><a href=\"https:\/\/glassdesign-dz.com\/en\/service\/interior-design\/\" class=\"c_light ff_sec fw_bold tt_u fs_14 ls_1\">\n                                                            D\u00e9couvrir plus                             \n                        \t<i class=\"ml_7 fs_17 v_middle flaticon-fast-forward\"><\/i><\/a>\n                        <\/div>\n                    <\/div>\n                <\/div>\n            <\/div>\n                        <div class=\"col-lg-4 col-md-6 col-sm-12 wow fadeInUp\" data-wow-delay=\".2s\" data-wow-duration=\"1.5s\">\n                <div class=\"service-1-block alt\">\n                    <div class=\"service-1-shape\"><\/div>\n                    <div class=\"service-1-icon\"><i class=\"\"><\/i><\/div>\n                    <h4 class=\"service-1-title fs_25\">MENUISERIE  PVC et ALUMUNIUM<\/h4>\n                    <div class=\"service-1-image\">\n                        <img decoding=\"async\" width=\"248\" height=\"138\" src=\"https:\/\/glassdesign-dz.com\/wp-content\/uploads\/2023\/04\/Design-sans-titre-21-e1739716590729-248x138.png\" class=\"attachment-buildnox_240x138 size-buildnox_240x138 wp-post-image\" alt=\"\" \/>                        <div class=\"service-1-read-more\"><a href=\"https:\/\/glassdesign-dz.com\/en\/service\/repair-and-expand\/\" class=\"c_light ff_sec fw_bold tt_u fs_14 ls_1\">\n                                                            D\u00e9couvrir plus                             \n                        \t<i class=\"ml_7 fs_17 v_middle flaticon-fast-forward\"><\/i><\/a>\n                        <\/div>\n                    <\/div>\n                <\/div>\n            <\/div>\n                        <div class=\"col-lg-4 col-md-6 col-sm-12 wow fadeInUp\" data-wow-delay=\".2s\" data-wow-duration=\"1.5s\">\n                <div class=\"service-1-block alt\">\n                    <div class=\"service-1-shape\"><\/div>\n                    <div class=\"service-1-icon\"><i class=\"\"><\/i><\/div>\n                    <h4 class=\"service-1-title fs_25\">FA\u00c7ADE VENTIL\u00c9E<\/h4>\n                    <div class=\"service-1-image\">\n                        <img loading=\"lazy\" decoding=\"async\" width=\"248\" height=\"138\" src=\"https:\/\/glassdesign-dz.com\/wp-content\/uploads\/2023\/04\/gallery-27-e1739716344457-248x138.jpg\" class=\"attachment-buildnox_240x138 size-buildnox_240x138 wp-post-image\" alt=\"\" \/>                        <div class=\"service-1-read-more\"><a href=\"https:\/\/glassdesign-dz.com\/en\/service\/construction-consulting\/\" class=\"c_light ff_sec fw_bold tt_u fs_14 ls_1\">\n                                                            D\u00e9couvrir plus                             \n                        \t<i class=\"ml_7 fs_17 v_middle flaticon-fast-forward\"><\/i><\/a>\n                        <\/div>\n                    <\/div>\n                <\/div>\n            <\/div>\n                        <div class=\"col-lg-4 col-md-6 col-sm-12 wow fadeInUp\" data-wow-delay=\".2s\" data-wow-duration=\"1.5s\">\n                <div class=\"service-1-block alt\">\n                    <div class=\"service-1-shape\"><\/div>\n                    <div class=\"service-1-icon\"><i class=\"\"><\/i><\/div>\n                    <h4 class=\"service-1-title fs_25\">MUR RIDEAU<\/h4>\n                    <div class=\"service-1-image\">\n                        <img loading=\"lazy\" decoding=\"async\" width=\"248\" height=\"138\" src=\"https:\/\/glassdesign-dz.com\/wp-content\/uploads\/2025\/01\/Design-sans-titre-19-1-e1739716153263-248x138.png\" class=\"attachment-buildnox_240x138 size-buildnox_240x138 wp-post-image\" alt=\"\" \/>                        <div class=\"service-1-read-more\"><a href=\"https:\/\/glassdesign-dz.com\/en\/service\/building-maintenance\/\" class=\"c_light ff_sec fw_bold tt_u fs_14 ls_1\">\n                                                            D\u00e9couvrir plus                             \n                        \t<i class=\"ml_7 fs_17 v_middle flaticon-fast-forward\"><\/i><\/a>\n                        <\/div>\n                    <\/div>\n                <\/div>\n            <\/div>\n                    <\/div>\n    <\/section>    \n    \n        \n    \t\t\t\t<\/div>\n\t\t\t\t<\/div>\n\t\t\t\t\t<\/div>\n\t\t<\/div>\n\t\t\t\t\t<\/div>\n\t\t<\/section>\n\t\t\t\t\t<\/div>\n\t\t<\/div>\n\t\t\t\t\t<\/div>\n\t\t<\/section>\n\t\t\t\t<\/div>","protected":false},"excerpt":{"rendered":"<p>CE QUE NOUS FAISONS Nos services Chez Glass Design, nous offrons des solutions innovantes pour vos fa\u00e7ades, murs-rideaux et menuiseries en aluminium et PVC. Nos experts sont \u00e0 votre disposition pour r\u00e9pondre \u00e0 toutes vos questions, vous conseiller sur vos projets et planifier une intervention \u00e0 votre convenance. Transformez vos espaces avec nos services sur [&hellip;]<\/p>","protected":false},"author":1,"featured_media":0,"parent":0,"menu_order":0,"comment_status":"closed","ping_status":"closed","template":"tpl-default-elementor.php","meta":{"footnotes":""},"class_list":["post-121","page","type-page","status-publish","hentry"],"_links":{"self":[{"href":"https:\/\/glassdesign-dz.com\/en\/wp-json\/wp\/v2\/pages\/121","targetHints":{"allow":["GET"]}}],"collection":[{"href":"https:\/\/glassdesign-dz.com\/en\/wp-json\/wp\/v2\/pages"}],"about":[{"href":"https:\/\/glassdesign-dz.com\/en\/wp-json\/wp\/v2\/types\/page"}],"author":[{"embeddable":true,"href":"https:\/\/glassdesign-dz.com\/en\/wp-json\/wp\/v2\/users\/1"}],"replies":[{"embeddable":true,"href":"https:\/\/glassdesign-dz.com\/en\/wp-json\/wp\/v2\/comments?post=121"}],"version-history":[{"count":23,"href":"https:\/\/glassdesign-dz.com\/en\/wp-json\/wp\/v2\/pages\/121\/revisions"}],"predecessor-version":[{"id":6473,"href":"https:\/\/glassdesign-dz.com\/en\/wp-json\/wp\/v2\/pages\/121\/revisions\/6473"}],"wp:attachment":[{"href":"https:\/\/glassdesign-dz.com\/en\/wp-json\/wp\/v2\/media?parent=121"}],"curies":[{"name":"wp","href":"https:\/\/api.w.org\/{rel}","templated":true}]}}